{"id":1272,"date":"2022-05-26T17:32:00","date_gmt":"2022-05-26T15:32:00","guid":{"rendered":"http:\/\/www.cdu-herdringen.de\/?page_id=1272"},"modified":"2024-10-09T19:24:43","modified_gmt":"2024-10-09T17:24:43","slug":"geschichte","status":"publish","type":"page","link":"https:\/\/www.cdu-herdringen.de\/?page_id=1272","title":{"rendered":"Geschichte"},"content":{"rendered":"<ul class=\"quotelist zitat_item\">\n<li class=\"row\">\n<div class=\"col-md-12\">\n<div class=\"card quote\">\n<div class=\"card-body zitat_box\">\n<blockquote class=\"blockquote \">\n<h2 class=\"mb-0\">&#8222;Wer die Vergangenheit nicht kennt, kann die Gegenwart nicht verstehen und die Zukunft nicht gestalten.&#8220;<\/h2>\n<\/blockquote>\n<div class=\"card-footer text-center\">\n<h4 class=\"card-author mb-0 flex-center text-center\">Zitat von Helmut Kohl &#8211; langj\u00e4hriger CDU-Vorsitzender und Bundeskanzler.<br \/>\nBundestagsrede vom 1. Juni 1995 zur Geschichte der Vertreibung, Plenarprotokoll 13\/41 vom 01.06.1995, Seite 03183<\/h4>\n<h4><strong>Am 7. Mai 2022 feierte der CDU-Ortsverband\u00a0 &#8211; mit einem Jahr Versp\u00e4tung wegen der Corona-Pandemie &#8211; das 75-j\u00e4hrige Jubil\u00e4um.<\/strong><\/h4>\n<h4>Michael Br\u00fcne &#8211; selbst schon 55 Jahre Mitglied in der Herdringer CDU &#8211; hat f\u00fcr die Jubil\u00e4umsveranstaltung einen geschichtlichen R\u00fcckblick erstellt. Dieser wird, nebst Bilder der Veranstaltung, hier zur Verf\u00fcgung gestellt. Ebenso findet sich auf dieser Homepage ein erg\u00e4nzender Bericht vom 8. Mai 2022.<\/h4>\n<div id=\"attachment_1284\" style=\"width: 487px\" class=\"wp-caption alignright\"><img loading=\"lazy\" decoding=\"async\" aria-describedby=\"caption-attachment-1284\" class=\"wp-image-1284 size-full\" src=\"http:\/\/www.cdu-herdringen.de\/wp-content\/uploads\/2022\/05\/1-Michael-Bruene-mit-Leitungsteam-2021-2022.jpg\" alt=\"\" width=\"477\" height=\"355\" srcset=\"https:\/\/www.cdu-herdringen.de\/wp-content\/uploads\/2022\/05\/1-Michael-Bruene-mit-Leitungsteam-2021-2022.jpg 477w, https:\/\/www.cdu-herdringen.de\/wp-content\/uploads\/2022\/05\/1-Michael-Bruene-mit-Leitungsteam-2021-2022-300x223.jpg 300w\" sizes=\"auto, (max-width: 477px) 100vw, 477px\" \/><p id=\"caption-attachment-1284\" class=\"wp-caption-text\">Michael Br\u00fcne (2.v.l.) mit Leitungsteam Richard Eickel, Franz-Josef Pater u. Marion Arns<\/p><\/div>\n<p>Vortrag zum 75j\u00e4hrigen Jubil\u00e4um der CDU-Herdringen<\/p>\n<\/div>\n<\/div>\n<h4 class=\"card-body zitat_box\"><strong>,,CDU im Vormarsch&#8220;<\/strong><\/h4>\n<p>Mit dieser Meldung in der Westfalenpost Nr. 23 von Freitag, dem 12.07.1946 fing alles an. 14 Monate nach Ende des 2. Weltkrieges wurde in\u00a0 unserem Dorf, die Christlich Demokratische Partei gegr\u00fcndet.<\/p>\n<p>Vorbildhaft und ausschlaggebend waren sicher die Gr\u00fcndung der CDU am 11.08.1945 in H\u00fcsten und kurz danach im September 1945 in Neheim.<br \/>\nIn der Zeit vom 27.02. bis zum 01.03.1946 tagte im Karolinen-Hospital in H\u00fcsten der CDU-Beirat der britischen Besatzungszone. Verabschiedet wurde dort das erste Parteiprogramm, in dem die weltanschaulich und sozialpolitischen Standpunkte der CDU festgelegt \u00a0wurden. Au\u00dferdem wurde Dr. Konrad Adenauer zum 1. Vorsitzenden gew\u00e4hlt.<\/p>\n<p>Leider ist aus dem Artikel der Westfalenpost vom 12.07.1946 au\u00dfer der Gr\u00fcndung in Herdringen nichts Konkretes zu erfahren: Wer waren die Initiatoren, wann genau und wo hat man sich getroffen, wer wurde der 1. Vorsitzende, wieviele Mitglieder gab es? Wir sind auf Vermutungen angewiesen, da auch die Presse nichts Konkretes berichtete, zumindest war bei meinem Recherchen nichts auffindbar.<\/p>\n<p>Unsere Partei entstand u.a. aus der vor 1933 existierenden katholischen Zentrumspartei. Diese verf\u00fcgte vor Beginn der Nazi-Zeit bei Abstimmungen und Wahlen, wie sich das f\u00fcr ein katholisches Dorf mit etwa 1100 Einwohnern geh\u00f6rte, immer \u00fcber die absolute Mehrheit.<br \/>\nB\u00fcrgermeister war daher seit Mai 1924 der Landwirt Bernhard Schulte-Eickhoff von der Zentrumspartei. Seine Familie war seit dem 15. Jahrhundert Inhaber eines landwirtschaftlichen Betriebes in der damaligen Kirchstra\u00dfe.<\/p>\n<p>Er bekleidete dieses Amt bis zum 13.09.1933, wo er wegen ,,politischer Unzuverl\u00e4ssigkeit&#8220; abgesetzt und durch Josef K\u00fckenhoff ersetzt wurde, dem 1937 Theodor Schr\u00f6der folgte. Nach dem Krieg erhielt er sein Amt zur\u00fcck. B\u00fcrgermeister war er bis zu den Kommunalwahlen 1956. Ihm folgte sein Sohn Albert bis zum 29.07.1965.<\/p>\n<p>Es ist davon auszugehen, dass Bernhard Schulte-Eickhoff zu den Gr\u00fcndern der CDU 1946 geh\u00f6rte und insofern sich dem Trend anschloss, aus einer streng katholischen Partei eine christliche zu machen, die auf den Grunds\u00e4tzen christlicher Ethik und sozialer Marktwirtschaft fu\u00dfte. Die Anf\u00e4nge der Demokratie in Herdringen im Rahmen von Gemeinderatssitzungen war nicht einfach. Wie sich aus den Protokollen ergibt, wurden die ersten Einladungen zu diesen Sitzungen vom B\u00fcrgermeister per Hand und mit Tinte geschrieben. Man muss sich dies auf die heutige Zeit \u00fcbertragen vorstellen.<\/p>\n<p>Nachfolger wurde im Juli 1965 Kurt Schmidt, die dominierende politische Pers\u00f6nlichkeit und Vertreter der CDU f\u00fcr die n\u00e4chsten 30 Jahre. Seine Verdienste um unser Dorf sollten einem gesonderten Vortrag vorbehalten bleiben. Er bekleidete das Amt des B\u00fcrgermeisters bis zur Aufgabe der Selbst\u00e4ndigkeit durch die gesetzlich verordnete kommunale Neugliederung bis zum 31.12.1974. Danach war er Mitglied im Rat der Stadt Arnsberg und Ortsvorsteher bis er im Jahr 1999 durch meinen Vorg\u00e4nger Dr. Luitwin Mallmann abgel\u00f6st wurde. Auf die Querelen, die mit dem Ende der parlamentarischen T\u00e4tigkeit von Kurt Schmidt leider verbunden waren, m\u00f6chte ich \u00a0hier nicht eingehen. Fest steht, dass sich Kurt Schmidt um unser Dorf verdient gemacht hat.<\/p>\n<p>Das einschneidende Ereignis f\u00fcr unser Dorf war die kommunale Gebietsreform zum 01.01.1975. Wir verloren dabei unsere politische Selbst\u00e4ndigkeit und Entscheidungsfreiheit zugunsten der Stadt Arnsberg. Bis zum 31.12.1974 galt die seit 1820 von Preu\u00dfen eingef\u00fchrte Amtsverfassung. Sie gew\u00e4hrte den einzelnen Gemeinden ihre Selbst\u00e4ndigkeit, wobei die Verwaltung zentral durch eine entsprechende Beh\u00f6rde bzw. einen Amtmann erfolgte.<\/p>\n<p>Herdringen war Teil des Amtes H\u00fcsten, allerdings mit eigener Finanzhoheit und eigenem Gemeinderat, der die Geschicke bestimmte und festlegte, was f\u00fcr unsere Gemeinde f\u00fcr erforderlich angesehen wurde. Der Rat bestand in den 50er Jahren aus 11 Mitglieder, danach aus 13.<br \/>\nVerwaltungsleiter wurde von 1956 bis zur Neugliederung Amtsdirektor Philipp Klippel.<\/p>\n<p>Die Kommunalwahlen in den 50er Jahren ergaben eine Sitzverteilung im Gemeinderat von 5 Sitzen f\u00fcr die CDU, 2 f\u00fcr die SPD und 4 f\u00fcr die FDP, gef\u00fchrt von Wennemar Freiherr von F\u00fcrstenberg, dem Gro\u00dfvater des k\u00fcrzlich Verstorbenen.<\/p>\n<p>Den Vorsitz der CDU-Herdringen \u00fcbenahm nach Kurt Schmidt f\u00fcr kurze Zeit Johannes K\u00f6hle, danach f\u00fcr etwa 20 Jahre Karl\u00ad Heinz Sendt, dem es gelang, auch den inneren Frieden in der Partei wieder herzustellen.<\/p>\n<p>Heute wird unsere Partei durch ein Leitungsteam gef\u00fchrt.<\/p>\n<p>Bevor ich zum Ende komme, m\u00f6chte ich einen kurzen \u00dcberblick in die Vergangenheit unserer Selbst\u00e4ndigkeit geben:<br \/>\nDer Haushalt der Gemeinde Herdringen lag 1951 bei etwa 80 TDM.<br \/>\nDer Gewerbesteuerhebesatz bei 250 %.<br \/>\nDie Aufwandsentsch\u00e4digung f\u00fcr den B\u00fcrgermeister belief sich auf 1.200 DM.<strong><br \/>\n<\/strong>Durchschnittlich fanden etwa 8 Gemeinderatssitzungen im Jahr statt.<\/p>\n<p>In der Sitzung vom 26.02.1952 wurde Herr Josef Huneke zum Gemeindediener bestellt. Herr Huneke wurde vor ein paar Tagen \u00a0beim Seniorennachmittag als \u00e4ltester Herdringer B\u00fcrger geehrt. Ich werde rnit ihm kurzfristig Kontakt aufnehmen, um weitere interne Informationen aus der Zeit der 50er Jahre zu erhalten.<\/p>\n<p>Die politische Vertretung unserer Gemeinde stellt sich im R\u00fcckblick wie folgt dar:<br \/>\nIm Kreistag wurden wir vertreten durch Karl-Heinz Ebel und Heinrich M\u00fcnstermann, danach von Erhard Sch\u00e4fer, Holzen, und aktuell von Regina Scholz aus Vo\u00dfwinkel.<\/p>\n<p>Im Stadtrat hatten wir seit 1975 je einen Vertreter von CDU und SPD, f\u00fcr letztere war zun\u00e4chst Walter Kretzer und ab 1979 \u00fcber viele Jahre Berni Kloke zum Wohle unseres Dorfes t\u00e4tig.<\/p>\n<p>F\u00fcr unsere Partei waren Stadtvertreter Kurt Schmidt, Dr. Mallmann und ab 2004 Michael Br\u00fcne vertreten.<\/p>\n<p>Dieser und Berni Kloke haben sich \u00fcber alle parteilichen Grenzen hinweg bem\u00fcht, das Beste f\u00fcr unsere Gemeinde zu bewirken. Ob dies auch seit den letzten Kommunalwahlen so ist, bleibt einer objektiven Beurteilung \u00fcberlassen.<\/p>\n<p>Sichergestellt werden sollte auf jeden Fall, dass Herdringen dem Anspruch gerecht wird und das bleibt, was es in den letzten Jahren war: die attraktivste Gerneinde und das liebenswerteste Dorf in Arnsberg mit etwa 4.000 Einwohnern.<\/p>\n<p>Zurn Abschluss zwei Zitate:<\/p>\n<p>1. Aus dem Protokoll der letzten Gemeinderatssitzung vom \u00a030.12.1974 in der Gastwirtschaft ,,Zur alten Post&#8220;: &#8222;&#8230; Die Sitzung wurde um 20.00 Uhr mit folgender Formulierung \u00a0geschlossen: &#8222;Den M\u00e4chtigen dieses Landes hat es gefallen, unsere \u00a0Gemeinde zum 1. Januar 1975 auszul\u00f6schen. Wir schlie\u00dfen damit das letzte Beschlussbuch mit der Hoffnung, dass die Nachfolgek\u00f6rperschaft alle Beschl\u00fcsse loyal ausf\u00fchrt und in der Zukunft alle notwendigen Ma\u00dfnahrnen der Daseinsvorsorge in unserer Ortschaft nach dem Grundsatz der Gleichbehandlung aller \u00a0Einwohner durchf\u00fchrt.&#8220;<\/p>\n<p>2. Aus den Herdringer Geschichten von 2010:<br \/>\nIm Wahlkampf wurden auch schon Anfang der 50er Jahre Wahlplakate von den Parteien aufgeh\u00e4ngt. B\u00fcrgermeister Bernhard Schulte-Eickhoff (CDU) und der stellvertretende B\u00fcrgermeister Josef Wiegard (SPD) zogen gemeinsam mit einer langen Leiter durch die Stra\u00dfen des Dorfes und h\u00e4ngten die Werbeplakate an den h\u00f6lzernen Lichtmasten auf.<br \/>\nDamit wegen der Platzierung kein Streit aufkam, vereinbarten sie vorher, dass einmal der B\u00fcrgermeister zuerst auf die Leiter steigen durfte, um das CDU-Plakat aufzuh\u00e4ngen, und anschlie\u00dfend sein Stellvertreter, um sein SPD-Plakat anzubringen. Am n\u00e4chsten Lichtmast ging es dann in umgekehrter Reihenfolge.<\/p>\n<p>Das waren noch Zeiten &#8211; und nicht nur im Wahlkampf! Auch im politischen Alltag zogen die beiden \u00f6fter gemeinsam an einem Strang, um Probleme besser l\u00f6sen zu k\u00f6nnen.<\/p>\n<p>Diese Tradition wurde von Berni Kloke und Michael Br\u00fcne fortgesetzt. Wir hoffen, dass diese Tradition wieder aufgenommen wird zum Wohle unseres Dorfes.<\/p>\n<p><strong>Michael Br\u00fcne \u00a0im Mai 2022<\/strong><\/p>\n<p>&nbsp;<\/p>\n<div id=\"attachment_1285\" style=\"width: 260px\" class=\"wp-caption alignleft\"><img loading=\"lazy\" decoding=\"async\" aria-describedby=\"caption-attachment-1285\" class=\"wp-image-1285\" src=\"http:\/\/www.cdu-herdringen.de\/wp-content\/uploads\/2022\/05\/2-Dr.-Gerhard-Webers-Dr.-Marcel-Kaiser-Richard-Eickel-225x300.jpg\" alt=\"\" width=\"250\" height=\"333\" srcset=\"https:\/\/www.cdu-herdringen.de\/wp-content\/uploads\/2022\/05\/2-Dr.-Gerhard-Webers-Dr.-Marcel-Kaiser-Richard-Eickel-225x300.jpg 225w, https:\/\/www.cdu-herdringen.de\/wp-content\/uploads\/2022\/05\/2-Dr.-Gerhard-Webers-Dr.-Marcel-Kaiser-Richard-Eickel-768x1024.jpg 768w, https:\/\/www.cdu-herdringen.de\/wp-content\/uploads\/2022\/05\/2-Dr.-Gerhard-Webers-Dr.-Marcel-Kaiser-Richard-Eickel.jpg 1536w\" sizes=\"auto, (max-width: 250px) 100vw, 250px\" \/><p id=\"caption-attachment-1285\" class=\"wp-caption-text\">v.l. Dr. Gerhard Webers &#8211; Dr. Marcel Kaiser &#8211; Richard Eickel<\/p><\/div>\n<p>&nbsp;<\/p>\n<div class=\"mceTemp\"><\/div>\n<p>&nbsp;<\/p>\n<h5><\/h5>\n<h5><\/h5>\n<h5><\/h5>\n<h5><\/h5>\n<h5><\/h5>\n<h5 class=\"card-author mb-0 flex-center text-center\"><\/h5>\n<\/div>\n<div id=\"attachment_1307\" style=\"width: 260px\" class=\"wp-caption alignleft\"><img loading=\"lazy\" decoding=\"async\" aria-describedby=\"caption-attachment-1307\" class=\"wp-image-1307\" src=\"http:\/\/www.cdu-herdringen.de\/wp-content\/uploads\/2022\/05\/5-M-Bruene-G-Eickel-B-Klocke-A-Schwingenheuer-Jubilaeumsfeier-07.05.2022-2-e1653843755296-225x300.jpg\" alt=\"\" width=\"250\" height=\"333\" srcset=\"https:\/\/www.cdu-herdringen.de\/wp-content\/uploads\/2022\/05\/5-M-Bruene-G-Eickel-B-Klocke-A-Schwingenheuer-Jubilaeumsfeier-07.05.2022-2-e1653843755296-225x300.jpg 225w, https:\/\/www.cdu-herdringen.de\/wp-content\/uploads\/2022\/05\/5-M-Bruene-G-Eickel-B-Klocke-A-Schwingenheuer-Jubilaeumsfeier-07.05.2022-2-e1653843755296.jpg 480w\" sizes=\"auto, (max-width: 250px) 100vw, 250px\" \/><p id=\"caption-attachment-1307\" class=\"wp-caption-text\">v.l. Michael Br\u00fcne &#8211; G\u00fcnter Eickel &#8211; Berni Kloke &#8211; Ansgar Schwingenheuer<\/p><\/div>\n<div class=\"card quote\">\n<div id=\"attachment_1308\" style=\"width: 260px\" class=\"wp-caption alignnone\"><img loading=\"lazy\" decoding=\"async\" aria-describedby=\"caption-attachment-1308\" class=\"wp-image-1308\" src=\"http:\/\/www.cdu-herdringen.de\/wp-content\/uploads\/2022\/05\/CDU-Herdringen-Jubilaeumsfeier-07.05.2022-1-e1653843375702-225x300.jpg\" alt=\"\" width=\"250\" height=\"333\" srcset=\"https:\/\/www.cdu-herdringen.de\/wp-content\/uploads\/2022\/05\/CDU-Herdringen-Jubilaeumsfeier-07.05.2022-1-e1653843375702-225x300.jpg 225w, https:\/\/www.cdu-herdringen.de\/wp-content\/uploads\/2022\/05\/CDU-Herdringen-Jubilaeumsfeier-07.05.2022-1-e1653843375702.jpg 480w\" sizes=\"auto, (max-width: 250px) 100vw, 250px\" \/><p id=\"caption-attachment-1308\" class=\"wp-caption-text\">v.l. Karl-Heinz Sendt &#8211; Regina Scholz &#8211; Richard Eickel<\/p><\/div>\n<h5 class=\"card-author mb-0 flex-center text-center\"><img loading=\"lazy\" decoding=\"async\" class=\"alignnone wp-image-1286\" src=\"http:\/\/www.cdu-herdringen.de\/wp-content\/uploads\/2022\/05\/3-G\u00e4ste-CDU-Herdringen-Jubilaeumsfeier-07.05.2022-2.jpg\" alt=\"\" width=\"461\" height=\"331\" srcset=\"https:\/\/www.cdu-herdringen.de\/wp-content\/uploads\/2022\/05\/3-G\u00e4ste-CDU-Herdringen-Jubilaeumsfeier-07.05.2022-2.jpg 461w, https:\/\/www.cdu-herdringen.de\/wp-content\/uploads\/2022\/05\/3-G\u00e4ste-CDU-Herdringen-Jubilaeumsfeier-07.05.2022-2-300x215.jpg 300w\" sizes=\"auto, (max-width: 461px) 100vw, 461px\" \/><\/h5>\n<div id=\"attachment_1287\" style=\"width: 471px\" class=\"wp-caption alignnone\"><img loading=\"lazy\" decoding=\"async\" aria-describedby=\"caption-attachment-1287\" class=\"wp-image-1287\" src=\"http:\/\/www.cdu-herdringen.de\/wp-content\/uploads\/2022\/05\/3-G\u00e4ste-CDU-Herdringen-Jubilaeumsfeier-07.05.2022-300x225.jpg\" alt=\"\" width=\"461\" height=\"346\" srcset=\"https:\/\/www.cdu-herdringen.de\/wp-content\/uploads\/2022\/05\/3-G\u00e4ste-CDU-Herdringen-Jubilaeumsfeier-07.05.2022-300x225.jpg 300w, https:\/\/www.cdu-herdringen.de\/wp-content\/uploads\/2022\/05\/3-G\u00e4ste-CDU-Herdringen-Jubilaeumsfeier-07.05.2022-768x576.jpg 768w, https:\/\/www.cdu-herdringen.de\/wp-content\/uploads\/2022\/05\/3-G\u00e4ste-CDU-Herdringen-Jubilaeumsfeier-07.05.2022-1024x768.jpg 1024w, https:\/\/www.cdu-herdringen.de\/wp-content\/uploads\/2022\/05\/3-G\u00e4ste-CDU-Herdringen-Jubilaeumsfeier-07.05.2022.jpg 2000w\" sizes=\"auto, (max-width: 461px) 100vw, 461px\" \/><p id=\"caption-attachment-1287\" class=\"wp-caption-text\">G\u00e4ste bei der Jubil\u00e4umsfeier am 7. Mai 2022<\/p><\/div>\n<\/div>\n<\/div>\n<\/li>\n<\/ul>\n","protected":false},"excerpt":{"rendered":"<p>&#8222;Wer die Vergangenheit nicht kennt, kann die Gegenwart nicht verstehen und die Zukunft nicht gestalten.&#8220; Zitat von Helmut Kohl &#8211; langj\u00e4hriger CDU-Vorsitzender und Bundeskanzler. Bundestagsrede vom 1. Juni 1995 zur Geschichte der Vertreibung, Plenarprotokoll 13\/41 vom 01.06.1995, Seite 03183 Am &hellip; <a href=\"https:\/\/www.cdu-herdringen.de\/?page_id=1272\">Weiterlesen <span class=\"meta-nav\">&rarr;<\/span><\/a><\/p>\n","protected":false},"author":2,"featured_media":0,"parent":0,"menu_order":1,"comment_status":"closed","ping_status":"closed","template":"","meta":{"footnotes":""},"class_list":["post-1272","page","type-page","status-publish","hentry"],"_links":{"self":[{"href":"https:\/\/www.cdu-herdringen.de\/index.php?rest_route=\/wp\/v2\/pages\/1272","targetHints":{"allow":["GET"]}}],"collection":[{"href":"https:\/\/www.cdu-herdringen.de\/index.php?rest_route=\/wp\/v2\/pages"}],"about":[{"href":"https:\/\/www.cdu-herdringen.de\/index.php?rest_route=\/wp\/v2\/types\/page"}],"author":[{"embeddable":true,"href":"https:\/\/www.cdu-herdringen.de\/index.php?rest_route=\/wp\/v2\/users\/2"}],"replies":[{"embeddable":true,"href":"https:\/\/www.cdu-herdringen.de\/index.php?rest_route=%2Fwp%2Fv2%2Fcomments&post=1272"}],"version-history":[{"count":24,"href":"https:\/\/www.cdu-herdringen.de\/index.php?rest_route=\/wp\/v2\/pages\/1272\/revisions"}],"predecessor-version":[{"id":1320,"href":"https:\/\/www.cdu-herdringen.de\/index.php?rest_route=\/wp\/v2\/pages\/1272\/revisions\/1320"}],"wp:attachment":[{"href":"https:\/\/www.cdu-herdringen.de\/index.php?rest_route=%2Fwp%2Fv2%2Fmedia&parent=1272"}],"curies":[{"name":"wp","href":"https:\/\/api.w.org\/{rel}","templated":true}]}}